{"id":12,"date":"2019-02-18T11:58:32","date_gmt":"2019-02-18T11:58:32","guid":{"rendered":"http:\/\/building-bridges.website\/?page_id=12"},"modified":"2024-03-08T13:53:06","modified_gmt":"2024-03-08T13:53:06","slug":"impressum","status":"publish","type":"page","link":"https:\/\/www.building-hr-bridges.com\/?page_id=12","title":{"rendered":"Impressum"},"content":{"rendered":"<!-- wp:themify-builder\/canvas \/-->\n\n\n<p><\/p>\n<!--themify_builder_static--><h3>Angaben gem\u00e4\u00df \u00a7 5 TMG:<\/h3> <p>Dr. Werner Loose<br>building bridges \u2013 International HR Management Support<br>Widerscheinstra\u00dfe 24<br>73660 Urbach<\/p> <p>Kontakt:<br>Telefon: +49 1573 930 79 42<br>E-Mail: w.loose@building-hr-bridges.com<\/p> <hr> <h3>Quellenangaben f\u00fcr die verwendeten Bilder und Grafiken:<\/h3> <p>Portraits:<br><a href=\"http:\/\/www.fotos-berlin.net\/\">Annette Koroll \u00a0FOTOS<\/a><\/p> <p><a href=\"http:\/\/www.fotolia.de\/\">Fotolia<\/a><br>25564573, \u00a9 Corto_Maltese_83<br>54603902, \u00a9 Francesco De Paoli<\/p> <p><a href=\"http:\/\/istockphoto.com\/\">istockphotos<br><\/a>17610740, 09-01-11 \u00a9 Joel Carillet<\/p> <p>Quelle:\u00a0<em><a href=\"http:\/\/www.e-recht24.de\/impressum-generator.html\">http:\/\/www.e-recht24.de<\/a><\/em><\/p> <hr> <h3>Haftungsausschluss (Disclaimer)<\/h3> <p><strong>Haftung f\u00fcr Inhalte<\/strong><\/p> <p>Als Diensteanbieter sind wir gem\u00e4\u00df \u00a7 7 Abs.1 TMG f\u00fcr eigene Inhalte auf diesen Seiten nach den allgemeinen Gesetzen verantwortlich. Nach \u00a7\u00a7 8 bis 10 TMG sind wir als Diensteanbieter jedoch nicht verpflichtet, \u00fcbermittelte oder gespeicherte fremde Informationen zu \u00fcberwachen oder nach Umst\u00e4nden zu forschen, die auf eine rechtswidrige T\u00e4tigkeit hinweisen. Verpflichtungen zur Entfernung oder Sperrung der Nutzung von Informationen nach den allgemeinen Gesetzen bleiben hiervon unber\u00fchrt. Eine diesbez\u00fcgliche Haftung ist jedoch erst ab dem Zeitpunkt der Kenntnis einer konkreten Rechtsverletzung m\u00f6glich. Bei Bekanntwerden von entsprechenden Rechtsverletzungen werden wir diese Inhalte umgehend entfernen.<\/p> <p><strong>Haftung f\u00fcr Links<\/strong><\/p> <p>Unser Angebot enth\u00e4lt Links zu externen Webseiten Dritter, auf deren Inhalte wir keinen Einfluss haben. Deshalb k\u00f6nnen wir f\u00fcr diese fremden Inhalte auch keine Gew\u00e4hr \u00fcbernehmen. F\u00fcr die Inhalte der verlinkten Seiten ist stets der jeweilige Anbieter oder Betreiber der Seiten verantwortlich. Die verlinkten Seiten wurden zum Zeitpunkt der Verlinkung auf m\u00f6gliche Rechtsverst\u00f6\u00dfe \u00fcberpr\u00fcft. Rechtswidrige Inhalte waren zum Zeitpunkt der Verlinkung nicht erkennbar. Eine permanente inhaltliche Kontrolle der verlinkten Seiten ist jedoch ohne konkrete Anhaltspunkte einer Rechtsverletzung nicht zumutbar. Bei Bekanntwerden von Rechtsverletzungen werden wir derartige Links umgehend entfernen.<\/p> <p><strong>Urheberrecht<\/strong><\/p> <p>Die durch die Seitenbetreiber erstellten Inhalte und Werke auf diesen Seiten unterliegen dem deutschen Urheberrecht. Die Vervielf\u00e4ltigung, Bearbeitung, Verbreitung und jede Art der Verwertung au\u00dferhalb der Grenzen des Urheberrechtes bed\u00fcrfen der schriftlichen Zustimmung des jeweiligen Autors bzw. Erstellers. Downloads und Kopien dieser Seite sind nur f\u00fcr den privaten, nicht kommerziellen Gebrauch gestattet. Soweit die Inhalte auf dieser Seite nicht vom Betreiber erstellt wurden, werden die Urheberrechte Dritter beachtet. Insbesondere werden Inhalte Dritter als solche gekennzeichnet. Sollten Sie trotzdem auf eine Urheberrechtsverletzung aufmerksam werden, bitten wir um einen entsprechenden Hinweis. Bei Bekanntwerden von Rechtsverletzungen werden wir derartige Inhalte umgehend entfernen.<\/p><!--\/themify_builder_static-->","protected":false},"excerpt":{"rendered":"<p>Angaben gem\u00e4\u00df \u00a7 5 TMG: Dr. Werner Loosebuilding bridges \u2013 International HR Management SupportWiderscheinstra\u00dfe 2473660 Urbach Kontakt:Telefon: +49 1573 930 79 42E-Mail: w.loose@building-hr-bridges.com Quellenangaben f\u00fcr die verwendeten Bilder und Grafiken: Portraits:Annette Koroll \u00a0FOTOS Fotolia25564573, \u00a9 Corto_Maltese_8354603902, \u00a9 Francesco De Paoli istockphotos17610740, 09-01-11 \u00a9 Joel Carillet Quelle:\u00a0http:\/\/www.e-recht24.de Haftungsausschluss (Disclaimer) Haftung f\u00fcr Inhalte Als Diensteanbieter sind wir [&hellip;]<\/p>\n","protected":false},"author":1,"featured_media":0,"parent":0,"menu_order":0,"comment_status":"closed","ping_status":"closed","template":"","meta":{"footnotes":""},"class_list":["post-12","page","type-page","status-publish","hentry","has-post-title","has-post-date","has-post-category","has-post-tag","has-post-comment","has-post-author",""],"builder_content":"<h3>Angaben gem\u00e4\u00df \u00a7 5 TMG:<\/h3> <p>Dr. Werner Loose<br>building bridges \u2013 International HR Management Support<br>Widerscheinstra\u00dfe 24<br>73660 Urbach<\/p> <p>Kontakt:<br>Telefon: +49 1573 930 79 42<br>E-Mail: w.loose@building-hr-bridges.com<\/p> <hr> <h3>Quellenangaben f\u00fcr die verwendeten Bilder und Grafiken:<\/h3> <p>Portraits:<br><a href=\"http:\/\/www.fotos-berlin.net\/\">Annette Koroll \u00a0FOTOS<\/a><\/p> <p><a href=\"http:\/\/www.fotolia.de\/\">Fotolia<\/a><br>25564573, \u00a9 Corto_Maltese_83<br>54603902, \u00a9 Francesco De Paoli<\/p> <p><a href=\"http:\/\/istockphoto.com\/\">istockphotos<br><\/a>17610740, 09-01-11 \u00a9 Joel Carillet<\/p> <p>Quelle:\u00a0<em><a href=\"http:\/\/www.e-recht24.de\/impressum-generator.html\">http:\/\/www.e-recht24.de<\/a><\/em><\/p> <hr> <h3>Haftungsausschluss (Disclaimer)<\/h3> <p><strong>Haftung f\u00fcr Inhalte<\/strong><\/p> <p>Als Diensteanbieter sind wir gem\u00e4\u00df \u00a7 7 Abs.1 TMG f\u00fcr eigene Inhalte auf diesen Seiten nach den allgemeinen Gesetzen verantwortlich. Nach \u00a7\u00a7 8 bis 10 TMG sind wir als Diensteanbieter jedoch nicht verpflichtet, \u00fcbermittelte oder gespeicherte fremde Informationen zu \u00fcberwachen oder nach Umst\u00e4nden zu forschen, die auf eine rechtswidrige T\u00e4tigkeit hinweisen. Verpflichtungen zur Entfernung oder Sperrung der Nutzung von Informationen nach den allgemeinen Gesetzen bleiben hiervon unber\u00fchrt. Eine diesbez\u00fcgliche Haftung ist jedoch erst ab dem Zeitpunkt der Kenntnis einer konkreten Rechtsverletzung m\u00f6glich. Bei Bekanntwerden von entsprechenden Rechtsverletzungen werden wir diese Inhalte umgehend entfernen.<\/p> <p><strong>Haftung f\u00fcr Links<\/strong><\/p> <p>Unser Angebot enth\u00e4lt Links zu externen Webseiten Dritter, auf deren Inhalte wir keinen Einfluss haben. Deshalb k\u00f6nnen wir f\u00fcr diese fremden Inhalte auch keine Gew\u00e4hr \u00fcbernehmen. F\u00fcr die Inhalte der verlinkten Seiten ist stets der jeweilige Anbieter oder Betreiber der Seiten verantwortlich. Die verlinkten Seiten wurden zum Zeitpunkt der Verlinkung auf m\u00f6gliche Rechtsverst\u00f6\u00dfe \u00fcberpr\u00fcft. Rechtswidrige Inhalte waren zum Zeitpunkt der Verlinkung nicht erkennbar. Eine permanente inhaltliche Kontrolle der verlinkten Seiten ist jedoch ohne konkrete Anhaltspunkte einer Rechtsverletzung nicht zumutbar. Bei Bekanntwerden von Rechtsverletzungen werden wir derartige Links umgehend entfernen.<\/p> <p><strong>Urheberrecht<\/strong><\/p> <p>Die durch die Seitenbetreiber erstellten Inhalte und Werke auf diesen Seiten unterliegen dem deutschen Urheberrecht. Die Vervielf\u00e4ltigung, Bearbeitung, Verbreitung und jede Art der Verwertung au\u00dferhalb der Grenzen des Urheberrechtes bed\u00fcrfen der schriftlichen Zustimmung des jeweiligen Autors bzw. Erstellers. Downloads und Kopien dieser Seite sind nur f\u00fcr den privaten, nicht kommerziellen Gebrauch gestattet. Soweit die Inhalte auf dieser Seite nicht vom Betreiber erstellt wurden, werden die Urheberrechte Dritter beachtet. Insbesondere werden Inhalte Dritter als solche gekennzeichnet. Sollten Sie trotzdem auf eine Urheberrechtsverletzung aufmerksam werden, bitten wir um einen entsprechenden Hinweis. Bei Bekanntwerden von Rechtsverletzungen werden wir derartige Inhalte umgehend entfernen.<\/p>","_links":{"self":[{"href":"https:\/\/www.building-hr-bridges.com\/index.php?rest_route=\/wp\/v2\/pages\/12","targetHints":{"allow":["GET"]}}],"collection":[{"href":"https:\/\/www.building-hr-bridges.com\/index.php?rest_route=\/wp\/v2\/pages"}],"about":[{"href":"https:\/\/www.building-hr-bridges.com\/index.php?rest_route=\/wp\/v2\/types\/page"}],"author":[{"embeddable":true,"href":"https:\/\/www.building-hr-bridges.com\/index.php?rest_route=\/wp\/v2\/users\/1"}],"replies":[{"embeddable":true,"href":"https:\/\/www.building-hr-bridges.com\/index.php?rest_route=%2Fwp%2Fv2%2Fcomments&post=12"}],"version-history":[{"count":7,"href":"https:\/\/www.building-hr-bridges.com\/index.php?rest_route=\/wp\/v2\/pages\/12\/revisions"}],"predecessor-version":[{"id":1492,"href":"https:\/\/www.building-hr-bridges.com\/index.php?rest_route=\/wp\/v2\/pages\/12\/revisions\/1492"}],"wp:attachment":[{"href":"https:\/\/www.building-hr-bridges.com\/index.php?rest_route=%2Fwp%2Fv2%2Fmedia&parent=12"}],"curies":[{"name":"wp","href":"https:\/\/api.w.org\/{rel}","templated":true}]}}